{"id":4901,"date":"2022-11-08T20:46:32","date_gmt":"2022-11-08T20:46:32","guid":{"rendered":"https:\/\/nye.pigs.no\/?post_type=product&#038;p=4901"},"modified":"2023-02-14T12:34:30","modified_gmt":"2023-02-14T12:34:30","slug":"car-assembly-on-aluminium","status":"publish","type":"product","link":"https:\/\/pigs.no\/en\/produkt\/bildemontering-paa-aluminium\/","title":{"rendered":"Aluminium 1,5mm"},"content":{"rendered":"<p>Rigid and hard aluminum plate - suitable for use with or without a frame, directly on the wall. Order hanging lists on the back as wall mounts.<\/p>\n<ul>\n<li>1.5mm thick<\/li>\n<li>pure aluminum<\/li>\n<li>very stiff, very delicate and thin<\/li>\n<li>fragile at the corners<\/li>\n<\/ul>\n<p>&nbsp;<\/p>\n<p><strong>Additional product: <\/strong><\/p>\n<p>10mm hanging rail (tick if you want a hanging rail in the form below)<\/p>\n<p>10mm aluminium hanging strip on the back of the panel. The moulding is glued to the panel with epoxy and provides very good adhesion. For wall mounting without frames, secured with two screws. A very simple, sturdy and long-lasting hanging solution for hard panels such as aluminium or iBond.<\/p>","protected":false},"excerpt":{"rendered":"<ul>\n<li>1.5mm thick<\/li>\n<li>pure aluminum<\/li>\n<li>very stiff, very delicate and thin<\/li>\n<li>fragile at the corners<\/li>\n<\/ul>","protected":false},"featured_media":4905,"template":"","meta":{"_acf_changed":false,"inline_featured_image":false},"product_brand":[],"product_cat":[125,120,111],"product_tag":[126,118,116],"class_list":{"0":"post-4901","1":"product","2":"type-product","3":"status-publish","4":"has-post-thumbnail","6":"product_cat-alu","7":"product_cat-hengelist-10mm","8":"product_cat-monteringsplater","9":"product_tag-alu","10":"product_tag-aluminium","11":"product_tag-monteringsplate","13":"first","14":"instock","15":"taxable","16":"shipping-taxable","17":"purchasable","18":"product-type-simple"},"acf":[],"yoast_head":"<!-- This site is optimized with the Yoast SEO plugin v27.4 - https:\/\/yoast.com\/product\/yoast-seo-wordpress\/ -->\n<title>Aluminum 1,5mm - PIGS<\/title>\n<meta name=\"description\" content=\"bildemontering p\u00e5 stiv og hard aluminiumsplate \u2013 egner seg b\u00e5de, til \u00e5 ha i ramme eller direkte p\u00e5 veggen. Bestill hengelister p\u00e5 baksiden som veggfeste.\" \/>\n<meta name=\"robots\" content=\"index, follow, max-snippet:-1, max-image-preview:large, max-video-preview:-1\" \/>\n<link rel=\"canonical\" href=\"https:\/\/pigs.no\/en\/product\/car-assembly-on-aluminium\/\" \/>\n<meta property=\"og:locale\" content=\"en_GB\" \/>\n<meta property=\"og:type\" content=\"article\" \/>\n<meta property=\"og:title\" content=\"Aluminum 1,5mm - PIGS\" \/>\n<meta property=\"og:description\" content=\"bildemontering p\u00e5 stiv og hard aluminiumsplate \u2013 egner seg b\u00e5de, til \u00e5 ha i ramme eller direkte p\u00e5 veggen. Bestill hengelister p\u00e5 baksiden som veggfeste.\" \/>\n<meta property=\"og:url\" content=\"https:\/\/pigs.no\/en\/product\/car-assembly-on-aluminium\/\" \/>\n<meta property=\"og:site_name\" content=\"PIGS\" \/>\n<meta property=\"article:publisher\" content=\"https:\/\/www.facebook.com\/PIGSimagingAS\" \/>\n<meta property=\"article:modified_time\" content=\"2023-02-14T12:34:30+00:00\" \/>\n<meta property=\"og:image\" content=\"https:\/\/pigs.no\/wp-content\/uploads\/2022\/11\/PIGS-imaging-montering-aluminium-01.jpg\" \/>\n\t<meta property=\"og:image:width\" content=\"1200\" \/>\n\t<meta property=\"og:image:height\" content=\"1200\" \/>\n\t<meta property=\"og:image:type\" content=\"image\/jpeg\" \/>\n<meta name=\"twitter:card\" content=\"summary_large_image\" \/>\n<meta name=\"twitter:label1\" content=\"Estimated reading time\" \/>\n\t<meta name=\"twitter:data1\" content=\"1 minute\" \/>\n<script type=\"application\/ld+json\" class=\"yoast-schema-graph\">{\"@context\":\"https:\\\/\\\/schema.org\",\"@graph\":[{\"@type\":\"WebPage\",\"@id\":\"https:\\\/\\\/pigs.no\\\/produkt\\\/bildemontering-paa-aluminium\\\/\",\"url\":\"https:\\\/\\\/pigs.no\\\/produkt\\\/bildemontering-paa-aluminium\\\/\",\"name\":\"Aluminum 1,5mm - PIGS\",\"isPartOf\":{\"@id\":\"https:\\\/\\\/pigs.no\\\/#website\"},\"primaryImageOfPage\":{\"@id\":\"https:\\\/\\\/pigs.no\\\/produkt\\\/bildemontering-paa-aluminium\\\/#primaryimage\"},\"image\":{\"@id\":\"https:\\\/\\\/pigs.no\\\/produkt\\\/bildemontering-paa-aluminium\\\/#primaryimage\"},\"thumbnailUrl\":\"https:\\\/\\\/pigs.no\\\/wp-content\\\/uploads\\\/2022\\\/11\\\/PIGS-imaging-montering-aluminium-01.jpg\",\"datePublished\":\"2022-11-08T20:46:32+00:00\",\"dateModified\":\"2023-02-14T12:34:30+00:00\",\"description\":\"bildemontering p\u00e5 stiv og hard aluminiumsplate \u2013 egner seg b\u00e5de, til \u00e5 ha i ramme eller direkte p\u00e5 veggen. Bestill hengelister p\u00e5 baksiden som veggfeste.\",\"breadcrumb\":{\"@id\":\"https:\\\/\\\/pigs.no\\\/produkt\\\/bildemontering-paa-aluminium\\\/#breadcrumb\"},\"inLanguage\":\"en-GB\",\"potentialAction\":[{\"@type\":\"ReadAction\",\"target\":[\"https:\\\/\\\/pigs.no\\\/produkt\\\/bildemontering-paa-aluminium\\\/\"]}]},{\"@type\":\"ImageObject\",\"inLanguage\":\"en-GB\",\"@id\":\"https:\\\/\\\/pigs.no\\\/produkt\\\/bildemontering-paa-aluminium\\\/#primaryimage\",\"url\":\"https:\\\/\\\/pigs.no\\\/wp-content\\\/uploads\\\/2022\\\/11\\\/PIGS-imaging-montering-aluminium-01.jpg\",\"contentUrl\":\"https:\\\/\\\/pigs.no\\\/wp-content\\\/uploads\\\/2022\\\/11\\\/PIGS-imaging-montering-aluminium-01.jpg\",\"width\":1200,\"height\":1200,\"caption\":\"Bildemontering p\u00e5 plate\"},{\"@type\":\"BreadcrumbList\",\"@id\":\"https:\\\/\\\/pigs.no\\\/produkt\\\/bildemontering-paa-aluminium\\\/#breadcrumb\",\"itemListElement\":[{\"@type\":\"ListItem\",\"position\":1,\"name\":\"Home\",\"item\":\"https:\\\/\\\/pigs.no\\\/\"},{\"@type\":\"ListItem\",\"position\":2,\"name\":\"Shop\",\"item\":\"https:\\\/\\\/pigs.no\\\/nettbutikk\\\/\"},{\"@type\":\"ListItem\",\"position\":3,\"name\":\"Aluminum 1,5mm\"}]},{\"@type\":\"WebSite\",\"@id\":\"https:\\\/\\\/pigs.no\\\/#website\",\"url\":\"https:\\\/\\\/pigs.no\\\/\",\"name\":\"PIGS\",\"description\":\"Digitaltrykk\",\"publisher\":{\"@id\":\"https:\\\/\\\/pigs.no\\\/#organization\"},\"potentialAction\":[{\"@type\":\"SearchAction\",\"target\":{\"@type\":\"EntryPoint\",\"urlTemplate\":\"https:\\\/\\\/pigs.no\\\/?s={search_term_string}\"},\"query-input\":{\"@type\":\"PropertyValueSpecification\",\"valueRequired\":true,\"valueName\":\"search_term_string\"}}],\"inLanguage\":\"en-GB\"},{\"@type\":\"Organization\",\"@id\":\"https:\\\/\\\/pigs.no\\\/#organization\",\"name\":\"PIGS imaging AS\",\"url\":\"https:\\\/\\\/pigs.no\\\/\",\"logo\":{\"@type\":\"ImageObject\",\"inLanguage\":\"en-GB\",\"@id\":\"https:\\\/\\\/pigs.no\\\/#\\\/schema\\\/logo\\\/image\\\/\",\"url\":\"https:\\\/\\\/pigs.no\\\/wp-content\\\/uploads\\\/2022\\\/04\\\/PIGS-logo2_2019.png\",\"contentUrl\":\"https:\\\/\\\/pigs.no\\\/wp-content\\\/uploads\\\/2022\\\/04\\\/PIGS-logo2_2019.png\",\"width\":2560,\"height\":901,\"caption\":\"PIGS imaging AS\"},\"image\":{\"@id\":\"https:\\\/\\\/pigs.no\\\/#\\\/schema\\\/logo\\\/image\\\/\"},\"sameAs\":[\"https:\\\/\\\/www.facebook.com\\\/PIGSimagingAS\",\"https:\\\/\\\/www.instagram.com\\\/pigs_oslo\\\/\"]}]}<\/script>\n<!-- \/ Yoast SEO plugin. -->","yoast_head_json":{"title":"Aluminium 1,5mm - PIGS","description":"car mounting on rigid and hard aluminium plate - suitable for use in a frame or directly on the wall. Order hanging strips on the back for wall mounting.","robots":{"index":"index","follow":"follow","max-snippet":"max-snippet:-1","max-image-preview":"max-image-preview:large","max-video-preview":"max-video-preview:-1"},"canonical":"https:\/\/pigs.no\/en\/product\/car-assembly-on-aluminium\/","og_locale":"en_GB","og_type":"article","og_title":"Aluminum 1,5mm - PIGS","og_description":"bildemontering p\u00e5 stiv og hard aluminiumsplate \u2013 egner seg b\u00e5de, til \u00e5 ha i ramme eller direkte p\u00e5 veggen. Bestill hengelister p\u00e5 baksiden som veggfeste.","og_url":"https:\/\/pigs.no\/en\/product\/car-assembly-on-aluminium\/","og_site_name":"PIGS","article_publisher":"https:\/\/www.facebook.com\/PIGSimagingAS","article_modified_time":"2023-02-14T12:34:30+00:00","og_image":[{"width":1200,"height":1200,"url":"https:\/\/pigs.no\/wp-content\/uploads\/2022\/11\/PIGS-imaging-montering-aluminium-01.jpg","type":"image\/jpeg"}],"twitter_card":"summary_large_image","twitter_misc":{"Estimated reading time":"1 minute"},"schema":{"@context":"https:\/\/schema.org","@graph":[{"@type":"WebPage","@id":"https:\/\/pigs.no\/produkt\/bildemontering-paa-aluminium\/","url":"https:\/\/pigs.no\/produkt\/bildemontering-paa-aluminium\/","name":"Aluminium 1,5mm - PIGS","isPartOf":{"@id":"https:\/\/pigs.no\/#website"},"primaryImageOfPage":{"@id":"https:\/\/pigs.no\/produkt\/bildemontering-paa-aluminium\/#primaryimage"},"image":{"@id":"https:\/\/pigs.no\/produkt\/bildemontering-paa-aluminium\/#primaryimage"},"thumbnailUrl":"https:\/\/pigs.no\/wp-content\/uploads\/2022\/11\/PIGS-imaging-montering-aluminium-01.jpg","datePublished":"2022-11-08T20:46:32+00:00","dateModified":"2023-02-14T12:34:30+00:00","description":"car mounting on rigid and hard aluminium plate - suitable for use in a frame or directly on the wall. Order hanging strips on the back for wall mounting.","breadcrumb":{"@id":"https:\/\/pigs.no\/produkt\/bildemontering-paa-aluminium\/#breadcrumb"},"inLanguage":"en-GB","potentialAction":[{"@type":"ReadAction","target":["https:\/\/pigs.no\/produkt\/bildemontering-paa-aluminium\/"]}]},{"@type":"ImageObject","inLanguage":"en-GB","@id":"https:\/\/pigs.no\/produkt\/bildemontering-paa-aluminium\/#primaryimage","url":"https:\/\/pigs.no\/wp-content\/uploads\/2022\/11\/PIGS-imaging-montering-aluminium-01.jpg","contentUrl":"https:\/\/pigs.no\/wp-content\/uploads\/2022\/11\/PIGS-imaging-montering-aluminium-01.jpg","width":1200,"height":1200,"caption":"Bildemontering p\u00e5 plate"},{"@type":"BreadcrumbList","@id":"https:\/\/pigs.no\/produkt\/bildemontering-paa-aluminium\/#breadcrumb","itemListElement":[{"@type":"ListItem","position":1,"name":"Home","item":"https:\/\/pigs.no\/"},{"@type":"ListItem","position":2,"name":"Shop","item":"https:\/\/pigs.no\/nettbutikk\/"},{"@type":"ListItem","position":3,"name":"Aluminum 1,5mm"}]},{"@type":"WebSite","@id":"https:\/\/pigs.no\/#website","url":"https:\/\/pigs.no\/","name":"PIGS","description":"Digital printing","publisher":{"@id":"https:\/\/pigs.no\/#organization"},"potentialAction":[{"@type":"SearchAction","target":{"@type":"EntryPoint","urlTemplate":"https:\/\/pigs.no\/?s={search_term_string}"},"query-input":{"@type":"PropertyValueSpecification","valueRequired":true,"valueName":"search_term_string"}}],"inLanguage":"en-GB"},{"@type":"Organization","@id":"https:\/\/pigs.no\/#organization","name":"PIGS imaging AS","url":"https:\/\/pigs.no\/","logo":{"@type":"ImageObject","inLanguage":"en-GB","@id":"https:\/\/pigs.no\/#\/schema\/logo\/image\/","url":"https:\/\/pigs.no\/wp-content\/uploads\/2022\/04\/PIGS-logo2_2019.png","contentUrl":"https:\/\/pigs.no\/wp-content\/uploads\/2022\/04\/PIGS-logo2_2019.png","width":2560,"height":901,"caption":"PIGS imaging AS"},"image":{"@id":"https:\/\/pigs.no\/#\/schema\/logo\/image\/"},"sameAs":["https:\/\/www.facebook.com\/PIGSimagingAS","https:\/\/www.instagram.com\/pigs_oslo\/"]}]}},"_links":{"self":[{"href":"https:\/\/pigs.no\/en\/wp-json\/wp\/v2\/product\/4901","targetHints":{"allow":["GET"]}}],"collection":[{"href":"https:\/\/pigs.no\/en\/wp-json\/wp\/v2\/product"}],"about":[{"href":"https:\/\/pigs.no\/en\/wp-json\/wp\/v2\/types\/product"}],"version-history":[{"count":1,"href":"https:\/\/pigs.no\/en\/wp-json\/wp\/v2\/product\/4901\/revisions"}],"predecessor-version":[{"id":5486,"href":"https:\/\/pigs.no\/en\/wp-json\/wp\/v2\/product\/4901\/revisions\/5486"}],"wp:featuredmedia":[{"embeddable":true,"href":"https:\/\/pigs.no\/en\/wp-json\/wp\/v2\/media\/4905"}],"wp:attachment":[{"href":"https:\/\/pigs.no\/en\/wp-json\/wp\/v2\/media?parent=4901"}],"wp:term":[{"taxonomy":"product_brand","embeddable":true,"href":"https:\/\/pigs.no\/en\/wp-json\/wp\/v2\/product_brand?post=4901"},{"taxonomy":"product_cat","embeddable":true,"href":"https:\/\/pigs.no\/en\/wp-json\/wp\/v2\/product_cat?post=4901"},{"taxonomy":"product_tag","embeddable":true,"href":"https:\/\/pigs.no\/en\/wp-json\/wp\/v2\/product_tag?post=4901"}],"curies":[{"name":"wp","href":"https:\/\/api.w.org\/{rel}","templated":true}]}}