{"id":6292,"date":"2022-12-02T16:23:42","date_gmt":"2022-12-02T16:23:42","guid":{"rendered":"https:\/\/nye.pigs.no\/?page_id=6292"},"modified":"2026-03-01T17:25:34","modified_gmt":"2026-03-01T17:25:34","slug":"privacy-statement","status":"publish","type":"page","link":"https:\/\/pigs.no\/en\/personvernerklaering\/","title":{"rendered":"Privacy policy"},"content":{"rendered":"<div data-elementor-type=\"wp-page\" data-elementor-id=\"6292\" class=\"elementor elementor-6292\" data-elementor-post-type=\"page\">\n\t\t\t\t\t\t<section class=\"elementor-section elementor-top-section elementor-element elementor-element-60e7f6b7 elementor-section-height-min-height elementor-section-items-stretch elementor-section-boxed elementor-section-height-default\" data-id=\"60e7f6b7\" data-element_type=\"section\" data-e-type=\"section\" data-settings=\"{&quot;background_background&quot;:&quot;classic&quot;}\">\n\t\t\t\t\t\t\t<div class=\"elementor-background-overlay\"><\/div>\n\t\t\t\t\t\t\t<div class=\"elementor-container elementor-column-gap-no\">\n\t\t\t\t\t<div class=\"elementor-column elementor-col-33 elementor-top-column elementor-element elementor-element-9831cc3\" data-id=\"9831cc3\" data-element_type=\"column\" data-e-type=\"column\" data-settings=\"{&quot;background_background&quot;:&quot;classic&quot;}\">\n\t\t\t<div class=\"elementor-widget-wrap elementor-element-populated\">\n\t\t\t\t\t<div class=\"elementor-background-overlay\"><\/div>\n\t\t\t\t\t\t<div class=\"elementor-element elementor-element-13c60ee2 elementor-nav-menu__align-start elementor-nav-menu--dropdown-none elementor-widget__width-initial elementor-widget-tablet__width-initial elementor-hidden-mobile elementor-widget elementor-widget-global elementor-global-474 elementor-widget-nav-menu\" data-id=\"13c60ee2\" data-element_type=\"widget\" data-e-type=\"widget\" data-settings=\"{&quot;layout&quot;:&quot;vertical&quot;,&quot;submenu_icon&quot;:{&quot;value&quot;:&quot;&quot;,&quot;library&quot;:&quot;&quot;},&quot;toggle_icon_hover_animation&quot;:&quot;grow&quot;,&quot;_animation&quot;:&quot;none&quot;}\" data-widget_type=\"nav-menu.default\">\n\t\t\t\t\t\t\t\t<nav aria-label=\"Menu\" class=\"elementor-nav-menu--main elementor-nav-menu__container elementor-nav-menu--layout-vertical e--pointer-underline e--animation-grow\">\n\t\t\t\t<ul id=\"menu-1-13c60ee2\" class=\"elementor-nav-menu sm-vertical\"><li class=\"menu-item menu-item-type-post_type menu-item-object-page menu-item-home menu-item-9720\"><a href=\"https:\/\/pigs.no\/en\/\" class=\"elementor-item\">About PIGS<\/a><\/li>\n<li class=\"menu-item menu-item-type-post_type menu-item-object-page menu-item-74\"><a href=\"https:\/\/pigs.no\/en\/bestill-printing\/\" class=\"elementor-item\">Photo and Fineart print<\/a><\/li>\n<li class=\"menu-item menu-item-type-post_type menu-item-object-page menu-item-111\"><a href=\"https:\/\/pigs.no\/en\/scanning-og-avfotografering\/\" class=\"elementor-item\">Scanning and imaging<\/a><\/li>\n<li class=\"menu-item menu-item-type-post_type menu-item-object-page menu-item-10719\"><a href=\"https:\/\/pigs.no\/en\/fototapet-og-veggdekor\/\" class=\"elementor-item\">wall mural and wall decor<\/a><\/li>\n<li class=\"menu-item menu-item-type-post_type menu-item-object-page menu-item-5467\"><a href=\"https:\/\/pigs.no\/en\/montering-pa-plate-oslo\/\" class=\"elementor-item\">Mounting on plate<\/a><\/li>\n<li class=\"menu-item menu-item-type-post_type menu-item-object-page menu-item-11615\"><a href=\"https:\/\/pigs.no\/en\/innramming-oslo\/\" class=\"elementor-item\">Framing<\/a><\/li>\n<li class=\"menu-item menu-item-type-post_type menu-item-object-page menu-item-1772\"><a href=\"https:\/\/pigs.no\/en\/papirgalleri\/\" class=\"elementor-item\">Paper gallery<\/a><\/li>\n<li class=\"menu-item menu-item-type-post_type menu-item-object-page menu-item-378\"><a href=\"https:\/\/pigs.no\/en\/print-on-demand\/\" class=\"elementor-item\">Print on demand<\/a><\/li>\n<li class=\"menu-item menu-item-type-post_type menu-item-object-page menu-item-13594\"><a href=\"https:\/\/pigs.no\/en\/ekthetsbevis-certificate-of-authenticity\/\" class=\"elementor-item\">Certificate of authenticity<\/a><\/li>\n<li class=\"menu-item menu-item-type-post_type menu-item-object-page menu-item-114\"><a href=\"https:\/\/pigs.no\/en\/levering-og-henting\/\" class=\"elementor-item\">Shipping and collection<\/a><\/li>\n<li class=\"menu-item menu-item-type-post_type menu-item-object-page menu-item-7450\"><a href=\"https:\/\/pigs.no\/en\/send-oss-dine-printfiler\/\" class=\"elementor-item\">Send printfiles<\/a><\/li>\n<li class=\"menu-item menu-item-type-post_type menu-item-object-page menu-item-120\"><a href=\"https:\/\/pigs.no\/en\/priser-printing\/\" class=\"elementor-item\">Prices<\/a><\/li>\n<li class=\"menu-item menu-item-type-post_type menu-item-object-page menu-item-72\"><a href=\"https:\/\/pigs.no\/en\/contact-us\/\" class=\"elementor-item\">Contact<\/a><\/li>\n<li class=\"menu-item menu-item-type-post_type menu-item-object-page menu-item-6781\"><a href=\"https:\/\/pigs.no\/en\/min-konto\/\" class=\"elementor-item\">My account<\/a><\/li>\n<\/ul>\t\t\t<\/nav>\n\t\t\t\t\t\t<nav class=\"elementor-nav-menu--dropdown elementor-nav-menu__container\" aria-hidden=\"true\">\n\t\t\t\t<ul id=\"menu-2-13c60ee2\" class=\"elementor-nav-menu sm-vertical\"><li class=\"menu-item menu-item-type-post_type menu-item-object-page menu-item-home menu-item-9720\"><a href=\"https:\/\/pigs.no\/en\/\" class=\"elementor-item\" tabindex=\"-1\">About PIGS<\/a><\/li>\n<li class=\"menu-item menu-item-type-post_type menu-item-object-page menu-item-74\"><a href=\"https:\/\/pigs.no\/en\/bestill-printing\/\" class=\"elementor-item\" tabindex=\"-1\">Photo and Fineart print<\/a><\/li>\n<li class=\"menu-item menu-item-type-post_type menu-item-object-page menu-item-111\"><a href=\"https:\/\/pigs.no\/en\/scanning-og-avfotografering\/\" class=\"elementor-item\" tabindex=\"-1\">Scanning and imaging<\/a><\/li>\n<li class=\"menu-item menu-item-type-post_type menu-item-object-page menu-item-10719\"><a href=\"https:\/\/pigs.no\/en\/fototapet-og-veggdekor\/\" class=\"elementor-item\" tabindex=\"-1\">wall mural and wall decor<\/a><\/li>\n<li class=\"menu-item menu-item-type-post_type menu-item-object-page menu-item-5467\"><a href=\"https:\/\/pigs.no\/en\/montering-pa-plate-oslo\/\" class=\"elementor-item\" tabindex=\"-1\">Mounting on plate<\/a><\/li>\n<li class=\"menu-item menu-item-type-post_type menu-item-object-page menu-item-11615\"><a href=\"https:\/\/pigs.no\/en\/innramming-oslo\/\" class=\"elementor-item\" tabindex=\"-1\">Framing<\/a><\/li>\n<li class=\"menu-item menu-item-type-post_type menu-item-object-page menu-item-1772\"><a href=\"https:\/\/pigs.no\/en\/papirgalleri\/\" class=\"elementor-item\" tabindex=\"-1\">Paper gallery<\/a><\/li>\n<li class=\"menu-item menu-item-type-post_type menu-item-object-page menu-item-378\"><a href=\"https:\/\/pigs.no\/en\/print-on-demand\/\" class=\"elementor-item\" tabindex=\"-1\">Print on demand<\/a><\/li>\n<li class=\"menu-item menu-item-type-post_type menu-item-object-page menu-item-13594\"><a href=\"https:\/\/pigs.no\/en\/ekthetsbevis-certificate-of-authenticity\/\" class=\"elementor-item\" tabindex=\"-1\">Certificate of authenticity<\/a><\/li>\n<li class=\"menu-item menu-item-type-post_type menu-item-object-page menu-item-114\"><a href=\"https:\/\/pigs.no\/en\/levering-og-henting\/\" class=\"elementor-item\" tabindex=\"-1\">Shipping and collection<\/a><\/li>\n<li class=\"menu-item menu-item-type-post_type menu-item-object-page menu-item-7450\"><a href=\"https:\/\/pigs.no\/en\/send-oss-dine-printfiler\/\" class=\"elementor-item\" tabindex=\"-1\">Send printfiles<\/a><\/li>\n<li class=\"menu-item menu-item-type-post_type menu-item-object-page menu-item-120\"><a href=\"https:\/\/pigs.no\/en\/priser-printing\/\" class=\"elementor-item\" tabindex=\"-1\">Prices<\/a><\/li>\n<li class=\"menu-item menu-item-type-post_type menu-item-object-page menu-item-72\"><a href=\"https:\/\/pigs.no\/en\/contact-us\/\" class=\"elementor-item\" tabindex=\"-1\">Contact<\/a><\/li>\n<li class=\"menu-item menu-item-type-post_type menu-item-object-page menu-item-6781\"><a href=\"https:\/\/pigs.no\/en\/min-konto\/\" class=\"elementor-item\" tabindex=\"-1\">My account<\/a><\/li>\n<\/ul>\t\t\t<\/nav>\n\t\t\t\t\t\t<\/div>\n\t\t\t\t<div class=\"elementor-element elementor-element-783cf191 elementor-grid-mobile-0 e-grid-align-mobile-right elementor-hidden-mobile elementor-shape-rounded elementor-grid-0 e-grid-align-center elementor-widget elementor-widget-social-icons\" data-id=\"783cf191\" data-element_type=\"widget\" data-e-type=\"widget\" data-widget_type=\"social-icons.default\">\n\t\t\t\t\t\t\t<div class=\"elementor-social-icons-wrapper elementor-grid\" role=\"list\">\n\t\t\t\t\t\t\t<span class=\"elementor-grid-item\" role=\"listitem\">\n\t\t\t\t\t<a class=\"elementor-icon elementor-social-icon elementor-social-icon-facebook elementor-repeater-item-8cd66c3\" target=\"_blank\">\n\t\t\t\t\t\t<span class=\"elementor-screen-only\">Facebook<\/span>\n\t\t\t\t\t\t<svg aria-hidden=\"true\" class=\"e-font-icon-svg e-fab-facebook\" viewbox=\"0 0 512 512\" xmlns=\"http:\/\/www.w3.org\/2000\/svg\"><path d=\"M504 256C504 119 393 8 256 8S8 119 8 256c0 123.78 90.69 226.38 209.25 245V327.69h-63V256h63v-54.64c0-62.15 37-96.48 93.67-96.48 27.14 0 55.52 4.84 55.52 4.84v61h-31.28c-30.8 0-40.41 19.12-40.41 38.73V256h68.78l-11 71.69h-57.78V501C413.31 482.38 504 379.78 504 256z\"><\/path><\/svg>\t\t\t\t\t<\/a>\n\t\t\t\t<\/span>\n\t\t\t\t\t\t\t<span class=\"elementor-grid-item\" role=\"listitem\">\n\t\t\t\t\t<a class=\"elementor-icon elementor-social-icon elementor-social-icon-instagram elementor-repeater-item-9fabe54\" target=\"_blank\">\n\t\t\t\t\t\t<span class=\"elementor-screen-only\">Instagram<\/span>\n\t\t\t\t\t\t<svg aria-hidden=\"true\" class=\"e-font-icon-svg e-fab-instagram\" viewbox=\"0 0 448 512\" xmlns=\"http:\/\/www.w3.org\/2000\/svg\"><path d=\"M224.1 141c-63.6 0-114.9 51.3-114.9 114.9s51.3 114.9 114.9 114.9S339 319.5 339 255.9 287.7 141 224.1 141zm0 189.6c-41.1 0-74.7-33.5-74.7-74.7s33.5-74.7 74.7-74.7 74.7 33.5 74.7 74.7-33.6 74.7-74.7 74.7zm146.4-194.3c0 14.9-12 26.8-26.8 26.8-14.9 0-26.8-12-26.8-26.8s12-26.8 26.8-26.8 26.8 12 26.8 26.8zm76.1 27.2c-1.7-35.9-9.9-67.7-36.2-93.9-26.2-26.2-58-34.4-93.9-36.2-37-2.1-147.9-2.1-184.9 0-35.8 1.7-67.6 9.9-93.9 36.1s-34.4 58-36.2 93.9c-2.1 37-2.1 147.9 0 184.9 1.7 35.9 9.9 67.7 36.2 93.9s58 34.4 93.9 36.2c37 2.1 147.9 2.1 184.9 0 35.9-1.7 67.7-9.9 93.9-36.2 26.2-26.2 34.4-58 36.2-93.9 2.1-37 2.1-147.8 0-184.8zM398.8 388c-7.8 19.6-22.9 34.7-42.6 42.6-29.5 11.7-99.5 9-132.1 9s-102.7 2.6-132.1-9c-19.6-7.8-34.7-22.9-42.6-42.6-11.7-29.5-9-99.5-9-132.1s-2.6-102.7 9-132.1c7.8-19.6 22.9-34.7 42.6-42.6 29.5-11.7 99.5-9 132.1-9s102.7-2.6 132.1 9c19.6 7.8 34.7 22.9 42.6 42.6 11.7 29.5 9 99.5 9 132.1s2.7 102.7-9 132.1z\"><\/path><\/svg>\t\t\t\t\t<\/a>\n\t\t\t\t<\/span>\n\t\t\t\t\t<\/div>\n\t\t\t\t\t\t<\/div>\n\t\t\t\t<div class=\"elementor-element elementor-element-5232918c elementor-widget__width-initial elementor-hidden-mobile elementor-widget elementor-widget-image\" data-id=\"5232918c\" data-element_type=\"widget\" data-e-type=\"widget\" data-widget_type=\"image.default\">\n\t\t\t\t\t\t\t\t\t\t\t\t\t\t\t<img fetchpriority=\"high\" decoding=\"async\" width=\"1000\" height=\"743\" src=\"https:\/\/pigs.no\/wp-content\/uploads\/2022\/04\/PIGS-Hahnemuehle-Certified-Studio.png\" class=\"attachment-full size-full wp-image-538\" alt=\"\" srcset=\"https:\/\/pigs.no\/wp-content\/uploads\/2022\/04\/PIGS-Hahnemuehle-Certified-Studio.png 1000w, https:\/\/pigs.no\/wp-content\/uploads\/2022\/04\/PIGS-Hahnemuehle-Certified-Studio-300x223.png 300w, https:\/\/pigs.no\/wp-content\/uploads\/2022\/04\/PIGS-Hahnemuehle-Certified-Studio-768x571.png 768w, https:\/\/pigs.no\/wp-content\/uploads\/2022\/04\/PIGS-Hahnemuehle-Certified-Studio-600x446.png 600w\" sizes=\"(max-width: 1000px) 100vw, 1000px\" \/>\t\t\t\t\t\t\t\t\t\t\t\t\t\t\t<\/div>\n\t\t\t\t\t<\/div>\n\t\t<\/div>\n\t\t\t\t<div class=\"elementor-column elementor-col-66 elementor-top-column elementor-element elementor-element-35d0f4f2\" data-id=\"35d0f4f2\" data-element_type=\"column\" data-e-type=\"column\" data-settings=\"{&quot;background_background&quot;:&quot;classic&quot;}\">\n\t\t\t<div class=\"elementor-widget-wrap elementor-element-populated\">\n\t\t\t\t\t<div class=\"elementor-background-overlay\"><\/div>\n\t\t\t\t\t\t<section class=\"elementor-section elementor-inner-section elementor-element elementor-element-479938c4 elementor-section-boxed elementor-section-height-default elementor-section-height-default\" data-id=\"479938c4\" data-element_type=\"section\" data-e-type=\"section\">\n\t\t\t\t\t\t<div class=\"elementor-container elementor-column-gap-default\">\n\t\t\t\t\t<div class=\"elementor-column elementor-col-100 elementor-inner-column elementor-element elementor-element-3644cf9\" data-id=\"3644cf9\" data-element_type=\"column\" data-e-type=\"column\">\n\t\t\t<div class=\"elementor-widget-wrap elementor-element-populated\">\n\t\t\t\t\t\t<div class=\"elementor-element elementor-element-7767b1a elementor-align-center elementor-widget elementor-widget-breadcrumbs\" data-id=\"7767b1a\" data-element_type=\"widget\" data-e-type=\"widget\" data-widget_type=\"breadcrumbs.default\">\n\t\t\t\t\t<p id=\"breadcrumbs\"><span><span><a href=\"https:\/\/pigs.no\/en\/\">Home<\/a><\/span><\/span><\/p>\t\t\t\t<\/div>\n\t\t\t\t<div class=\"elementor-element elementor-element-1c9ccd2b elementor-widget elementor-widget-heading\" data-id=\"1c9ccd2b\" data-element_type=\"widget\" data-e-type=\"widget\" data-widget_type=\"heading.default\">\n\t\t\t\t\t<h2 class=\"elementor-heading-title elementor-size-default\">PIGS privacy policy<\/h2>\t\t\t\t<\/div>\n\t\t\t\t<div class=\"elementor-element elementor-element-165a65c0 elementor-widget elementor-widget-text-editor\" data-id=\"165a65c0\" data-element_type=\"widget\" data-e-type=\"widget\" data-widget_type=\"text-editor.default\">\n\t\t\t\t\t\t\t\t\t<aside class=\"chapter-title-list\"><div class=\"sidebar\"><p><strong>Introduction<\/strong><\/p><p>Personal data is information and assessments that can be linked to an identifiable individual. This may include name, address, telephone number, email address, IP address and shopping history.<br \/>PIGS is responsible for ensuring that processing takes place in accordance with Norwegian law and we take privacy seriously. In this privacy policy, we therefore explain why we collect information, how we use this information and how we take privacy into account.<br \/>If you have any questions about our processing of personal data, you can contact us at any time by phone 47450250 or e-mail <span \n                data-original-string='6fR0HPLbUQK7OYxAuUNSPg==af30SyTfJolvwqfJHUqdySgbQ=='\n                class='apbct-email-encoder'\n                title='This contact has been encoded by Anti-Spam by CleanTalk. Click to decode. To finish the decoding make sure that JavaScript is enabled in your browser.'>in<span class=\"apbct-blur\">**<\/span>@<span class=\"apbct-blur\">**<\/span>gs.no<\/span><\/p><p><strong>1. The website<\/strong><br \/>The website provides you with information about us and our services. When you access and use the website, we may collect information about you in accordance with this policy.<br \/>The website uses cookies to collect information at a general level about how visitors use the website. The purpose of this is to improve the website and provide you with a better user experience.<\/p><p><strong>2. What data do we collect?<\/strong><br \/>To ensure good service and correct handling of the customer relationship, PIGS stores the following information: name, address, e-mail address, telephone number, product, delivery and payment information. The information is used to fulfill our obligations to you and to maintain the service you expect. We only store relevant and necessary information in order to manage the customer relationship.<br \/>Sensitive information such as bank card numbers are always sent encrypted to and from us to prevent unauthorized persons from obtaining the information. Such information is not stored, but is only forwarded to the credit card company.<br \/>You can contact us if you wish to gain insight into which of your personal data we have stored, or if you wish to change or delete your stored data.<\/p><p><strong>3. Use of information<\/strong><br \/>We use personal data about you for the following purposes:<\/p><p><strong>4. To manage our customer relationship<\/strong><br \/>The information is stored and used for as long as you are a customer. We continuously update the customer register based on the information you send us.<\/p><p><strong>5. About sharing personal data<\/strong><br \/>We do not share personal data with third parties. Exceptions apply to partners associated with the services, including for shipping your order and for payment solutions. We may also disclose information in individual cases required by law or by public authorities.<\/p><\/div><\/aside>\t\t\t\t\t\t\t\t<\/div>\n\t\t\t\t\t<\/div>\n\t\t<\/div>\n\t\t\t\t\t<\/div>\n\t\t<\/section>\n\t\t\t\t<div class=\"elementor-element elementor-element-36c9b0ae elementor-widget elementor-widget-spacer\" data-id=\"36c9b0ae\" data-element_type=\"widget\" data-e-type=\"widget\" data-widget_type=\"spacer.default\">\n\t\t\t\t\t\t\t<div class=\"elementor-spacer\">\n\t\t\t<div class=\"elementor-spacer-inner\"><\/div>\n\t\t<\/div>\n\t\t\t\t\t\t<\/div>\n\t\t\t\t\t<\/div>\n\t\t<\/div>\n\t\t\t\t\t<\/div>\n\t\t<\/section>\n\t\t\t\t<\/div>","protected":false},"excerpt":{"rendered":"<p>Facebook Instagram PIGS personvernerkl\u00e6ring Innledning Personopplysninger er opplysninger og vurderinger som kan knyttes til en identifiserbar enkeltperson. Dette kan v\u00e6re navn, adresse, telefonnummer, e-postadresse, IP-adresse og handlehistorikk.PIGS er ansvarlig for at behandlingen skjer i samsvar med norsk lov og vi tar personvern alvorlig. I denne personvernerkl\u00e6ringen forklarer vi derfor hvorfor vi samler inn informasjon, hvordan [&hellip;]<\/p>\n","protected":false},"author":1,"featured_media":0,"parent":0,"menu_order":0,"comment_status":"closed","ping_status":"closed","template":"","meta":{"_acf_changed":false,"inline_featured_image":false,"footnotes":""},"class_list":["post-6292","page","type-page","status-publish","hentry"],"acf":[],"yoast_head":"<!-- This site is optimized with the Yoast SEO plugin v27.5 - https:\/\/yoast.com\/product\/yoast-seo-wordpress\/ -->\n<title>Personvernerkl\u00e6ring - PIGS<\/title>\n<meta name=\"description\" content=\"V\u00e5r personvernerkl\u00e6ring for bruk av og handel p\u00e5 pigs.no.\" \/>\n<meta name=\"robots\" content=\"noindex, nofollow\" \/>\n<meta property=\"og:locale\" content=\"en_GB\" \/>\n<meta property=\"og:type\" content=\"article\" \/>\n<meta property=\"og:title\" content=\"Personvernerkl\u00e6ring - PIGS\" \/>\n<meta property=\"og:description\" content=\"V\u00e5r personvernerkl\u00e6ring for bruk av og handel p\u00e5 pigs.no.\" \/>\n<meta property=\"og:url\" content=\"https:\/\/pigs.no\/en\/privacy-statement\/\" \/>\n<meta property=\"og:site_name\" content=\"PIGS\" \/>\n<meta property=\"article:publisher\" content=\"https:\/\/www.facebook.com\/PIGSimagingAS\" \/>\n<meta property=\"article:modified_time\" content=\"2026-03-01T17:25:34+00:00\" \/>\n<meta property=\"og:image\" content=\"https:\/\/pigs.no\/wp-content\/uploads\/2022\/04\/PIGS-Hahnemuehle-Certified-Studio.png\" \/>\n\t<meta property=\"og:image:width\" content=\"1000\" \/>\n\t<meta property=\"og:image:height\" content=\"743\" \/>\n\t<meta property=\"og:image:type\" content=\"image\/png\" \/>\n<meta name=\"twitter:card\" content=\"summary_large_image\" \/>\n<meta name=\"twitter:label1\" content=\"Estimated reading time\" \/>\n\t<meta name=\"twitter:data1\" content=\"3 minutes\" \/>\n<script type=\"application\/ld+json\" class=\"yoast-schema-graph\">{\"@context\":\"https:\\\/\\\/schema.org\",\"@graph\":[{\"@type\":\"WebPage\",\"@id\":\"https:\\\/\\\/pigs.no\\\/personvernerklaering\\\/\",\"url\":\"https:\\\/\\\/pigs.no\\\/personvernerklaering\\\/\",\"name\":\"Personvernerkl\u00e6ring - PIGS\",\"isPartOf\":{\"@id\":\"https:\\\/\\\/pigs.no\\\/#website\"},\"primaryImageOfPage\":{\"@id\":\"https:\\\/\\\/pigs.no\\\/personvernerklaering\\\/#primaryimage\"},\"image\":{\"@id\":\"https:\\\/\\\/pigs.no\\\/personvernerklaering\\\/#primaryimage\"},\"thumbnailUrl\":\"https:\\\/\\\/pigs.no\\\/wp-content\\\/uploads\\\/2022\\\/04\\\/PIGS-Hahnemuehle-Certified-Studio.png\",\"datePublished\":\"2022-12-02T16:23:42+00:00\",\"dateModified\":\"2026-03-01T17:25:34+00:00\",\"description\":\"V\u00e5r personvernerkl\u00e6ring for bruk av og handel p\u00e5 pigs.no.\",\"breadcrumb\":{\"@id\":\"https:\\\/\\\/pigs.no\\\/personvernerklaering\\\/#breadcrumb\"},\"inLanguage\":\"en-GB\",\"potentialAction\":[{\"@type\":\"ReadAction\",\"target\":[\"https:\\\/\\\/pigs.no\\\/personvernerklaering\\\/\"]}]},{\"@type\":\"ImageObject\",\"inLanguage\":\"en-GB\",\"@id\":\"https:\\\/\\\/pigs.no\\\/personvernerklaering\\\/#primaryimage\",\"url\":\"https:\\\/\\\/pigs.no\\\/wp-content\\\/uploads\\\/2022\\\/04\\\/PIGS-Hahnemuehle-Certified-Studio.png\",\"contentUrl\":\"https:\\\/\\\/pigs.no\\\/wp-content\\\/uploads\\\/2022\\\/04\\\/PIGS-Hahnemuehle-Certified-Studio.png\"},{\"@type\":\"BreadcrumbList\",\"@id\":\"https:\\\/\\\/pigs.no\\\/personvernerklaering\\\/#breadcrumb\",\"itemListElement\":[{\"@type\":\"ListItem\",\"position\":1,\"name\":\"Home\",\"item\":\"https:\\\/\\\/pigs.no\\\/\"},{\"@type\":\"ListItem\",\"position\":2,\"name\":\"Personvernerkl\u00e6ring\"}]},{\"@type\":\"WebSite\",\"@id\":\"https:\\\/\\\/pigs.no\\\/#website\",\"url\":\"https:\\\/\\\/pigs.no\\\/\",\"name\":\"PIGS\",\"description\":\"Digitaltrykk\",\"publisher\":{\"@id\":\"https:\\\/\\\/pigs.no\\\/#organization\"},\"potentialAction\":[{\"@type\":\"SearchAction\",\"target\":{\"@type\":\"EntryPoint\",\"urlTemplate\":\"https:\\\/\\\/pigs.no\\\/?s={search_term_string}\"},\"query-input\":{\"@type\":\"PropertyValueSpecification\",\"valueRequired\":true,\"valueName\":\"search_term_string\"}}],\"inLanguage\":\"en-GB\"},{\"@type\":\"Organization\",\"@id\":\"https:\\\/\\\/pigs.no\\\/#organization\",\"name\":\"PIGS imaging AS\",\"url\":\"https:\\\/\\\/pigs.no\\\/\",\"logo\":{\"@type\":\"ImageObject\",\"inLanguage\":\"en-GB\",\"@id\":\"https:\\\/\\\/pigs.no\\\/#\\\/schema\\\/logo\\\/image\\\/\",\"url\":\"https:\\\/\\\/pigs.no\\\/wp-content\\\/uploads\\\/2022\\\/04\\\/PIGS-logo2_2019.png\",\"contentUrl\":\"https:\\\/\\\/pigs.no\\\/wp-content\\\/uploads\\\/2022\\\/04\\\/PIGS-logo2_2019.png\",\"width\":2560,\"height\":901,\"caption\":\"PIGS imaging AS\"},\"image\":{\"@id\":\"https:\\\/\\\/pigs.no\\\/#\\\/schema\\\/logo\\\/image\\\/\"},\"sameAs\":[\"https:\\\/\\\/www.facebook.com\\\/PIGSimagingAS\",\"https:\\\/\\\/www.instagram.com\\\/pigs_oslo\\\/\"]}]}<\/script>\n<!-- \/ Yoast SEO plugin. -->","yoast_head_json":{"title":"Privacy policy - PIGS","description":"Our privacy policy for use of and trading on pigs.no.","robots":{"index":"noindex","follow":"nofollow"},"og_locale":"en_GB","og_type":"article","og_title":"Personvernerkl\u00e6ring - PIGS","og_description":"V\u00e5r personvernerkl\u00e6ring for bruk av og handel p\u00e5 pigs.no.","og_url":"https:\/\/pigs.no\/en\/privacy-statement\/","og_site_name":"PIGS","article_publisher":"https:\/\/www.facebook.com\/PIGSimagingAS","article_modified_time":"2026-03-01T17:25:34+00:00","og_image":[{"width":1000,"height":743,"url":"https:\/\/pigs.no\/wp-content\/uploads\/2022\/04\/PIGS-Hahnemuehle-Certified-Studio.png","type":"image\/png"}],"twitter_card":"summary_large_image","twitter_misc":{"Estimated reading time":"3 minutes"},"schema":{"@context":"https:\/\/schema.org","@graph":[{"@type":"WebPage","@id":"https:\/\/pigs.no\/personvernerklaering\/","url":"https:\/\/pigs.no\/personvernerklaering\/","name":"Privacy policy - PIGS","isPartOf":{"@id":"https:\/\/pigs.no\/#website"},"primaryImageOfPage":{"@id":"https:\/\/pigs.no\/personvernerklaering\/#primaryimage"},"image":{"@id":"https:\/\/pigs.no\/personvernerklaering\/#primaryimage"},"thumbnailUrl":"https:\/\/pigs.no\/wp-content\/uploads\/2022\/04\/PIGS-Hahnemuehle-Certified-Studio.png","datePublished":"2022-12-02T16:23:42+00:00","dateModified":"2026-03-01T17:25:34+00:00","description":"Our privacy policy for use of and trading on pigs.no.","breadcrumb":{"@id":"https:\/\/pigs.no\/personvernerklaering\/#breadcrumb"},"inLanguage":"en-GB","potentialAction":[{"@type":"ReadAction","target":["https:\/\/pigs.no\/personvernerklaering\/"]}]},{"@type":"ImageObject","inLanguage":"en-GB","@id":"https:\/\/pigs.no\/personvernerklaering\/#primaryimage","url":"https:\/\/pigs.no\/wp-content\/uploads\/2022\/04\/PIGS-Hahnemuehle-Certified-Studio.png","contentUrl":"https:\/\/pigs.no\/wp-content\/uploads\/2022\/04\/PIGS-Hahnemuehle-Certified-Studio.png"},{"@type":"BreadcrumbList","@id":"https:\/\/pigs.no\/personvernerklaering\/#breadcrumb","itemListElement":[{"@type":"ListItem","position":1,"name":"Home","item":"https:\/\/pigs.no\/"},{"@type":"ListItem","position":2,"name":"Personvernerkl\u00e6ring"}]},{"@type":"WebSite","@id":"https:\/\/pigs.no\/#website","url":"https:\/\/pigs.no\/","name":"PIGS","description":"Digital printing","publisher":{"@id":"https:\/\/pigs.no\/#organization"},"potentialAction":[{"@type":"SearchAction","target":{"@type":"EntryPoint","urlTemplate":"https:\/\/pigs.no\/?s={search_term_string}"},"query-input":{"@type":"PropertyValueSpecification","valueRequired":true,"valueName":"search_term_string"}}],"inLanguage":"en-GB"},{"@type":"Organization","@id":"https:\/\/pigs.no\/#organization","name":"PIGS imaging AS","url":"https:\/\/pigs.no\/","logo":{"@type":"ImageObject","inLanguage":"en-GB","@id":"https:\/\/pigs.no\/#\/schema\/logo\/image\/","url":"https:\/\/pigs.no\/wp-content\/uploads\/2022\/04\/PIGS-logo2_2019.png","contentUrl":"https:\/\/pigs.no\/wp-content\/uploads\/2022\/04\/PIGS-logo2_2019.png","width":2560,"height":901,"caption":"PIGS imaging AS"},"image":{"@id":"https:\/\/pigs.no\/#\/schema\/logo\/image\/"},"sameAs":["https:\/\/www.facebook.com\/PIGSimagingAS","https:\/\/www.instagram.com\/pigs_oslo\/"]}]}},"_links":{"self":[{"href":"https:\/\/pigs.no\/en\/wp-json\/wp\/v2\/pages\/6292","targetHints":{"allow":["GET"]}}],"collection":[{"href":"https:\/\/pigs.no\/en\/wp-json\/wp\/v2\/pages"}],"about":[{"href":"https:\/\/pigs.no\/en\/wp-json\/wp\/v2\/types\/page"}],"author":[{"embeddable":true,"href":"https:\/\/pigs.no\/en\/wp-json\/wp\/v2\/users\/1"}],"replies":[{"embeddable":true,"href":"https:\/\/pigs.no\/en\/wp-json\/wp\/v2\/comments?post=6292"}],"version-history":[{"count":32,"href":"https:\/\/pigs.no\/en\/wp-json\/wp\/v2\/pages\/6292\/revisions"}],"predecessor-version":[{"id":14865,"href":"https:\/\/pigs.no\/en\/wp-json\/wp\/v2\/pages\/6292\/revisions\/14865"}],"wp:attachment":[{"href":"https:\/\/pigs.no\/en\/wp-json\/wp\/v2\/media?parent=6292"}],"curies":[{"name":"wp","href":"https:\/\/api.w.org\/{rel}","templated":true}]}}