{"id":2107,"date":"2022-09-27T14:03:05","date_gmt":"2022-09-27T14:03:05","guid":{"rendered":"https:\/\/nye.pigs.no\/?page_id=2107"},"modified":"2026-01-30T22:43:46","modified_gmt":"2026-01-30T22:43:46","slug":"my-account","status":"publish","type":"page","link":"https:\/\/pigs.no\/en\/min-konto\/","title":{"rendered":"My account"},"content":{"rendered":"<div data-elementor-type=\"wp-page\" data-elementor-id=\"2107\" class=\"elementor elementor-2107\" data-elementor-post-type=\"page\">\n\t\t\t\t\t\t<section class=\"elementor-section elementor-top-section elementor-element elementor-element-734381b0 elementor-section-height-min-height elementor-section-items-stretch elementor-section-boxed elementor-section-height-default\" data-id=\"734381b0\" data-element_type=\"section\" data-e-type=\"section\" data-settings=\"{&quot;background_background&quot;:&quot;classic&quot;}\">\n\t\t\t\t\t\t\t<div class=\"elementor-background-overlay\"><\/div>\n\t\t\t\t\t\t\t<div class=\"elementor-container elementor-column-gap-no\">\n\t\t\t\t\t<div class=\"elementor-column elementor-col-50 elementor-top-column elementor-element elementor-element-2b11c91b\" data-id=\"2b11c91b\" data-element_type=\"column\" data-e-type=\"column\" data-settings=\"{&quot;background_background&quot;:&quot;classic&quot;}\">\n\t\t\t<div class=\"elementor-widget-wrap elementor-element-populated\">\n\t\t\t\t\t<div class=\"elementor-background-overlay\"><\/div>\n\t\t\t\t\t\t<div class=\"elementor-element elementor-element-7b4f89e6 elementor-nav-menu__align-start elementor-nav-menu--dropdown-none elementor-widget__width-initial elementor-widget-tablet__width-initial elementor-hidden-mobile elementor-widget elementor-widget-global elementor-global-474 elementor-widget-nav-menu\" data-id=\"7b4f89e6\" data-element_type=\"widget\" data-e-type=\"widget\" data-settings=\"{&quot;layout&quot;:&quot;vertical&quot;,&quot;submenu_icon&quot;:{&quot;value&quot;:&quot;&quot;,&quot;library&quot;:&quot;&quot;},&quot;toggle_icon_hover_animation&quot;:&quot;grow&quot;,&quot;_animation&quot;:&quot;none&quot;}\" data-widget_type=\"nav-menu.default\">\n\t\t\t\t\t\t\t\t<nav aria-label=\"Menu\" class=\"elementor-nav-menu--main elementor-nav-menu__container elementor-nav-menu--layout-vertical e--pointer-underline e--animation-grow\">\n\t\t\t\t<ul id=\"menu-1-7b4f89e6\" class=\"elementor-nav-menu sm-vertical\"><li class=\"menu-item menu-item-type-post_type menu-item-object-page menu-item-home menu-item-9720\"><a href=\"https:\/\/pigs.no\/en\/\" class=\"elementor-item\">About PIGS<\/a><\/li>\n<li class=\"menu-item menu-item-type-post_type menu-item-object-page menu-item-74\"><a href=\"https:\/\/pigs.no\/en\/bestill-printing\/\" class=\"elementor-item\">Photo and Fineart print<\/a><\/li>\n<li class=\"menu-item menu-item-type-post_type menu-item-object-page menu-item-111\"><a href=\"https:\/\/pigs.no\/en\/scanning-og-avfotografering\/\" class=\"elementor-item\">Scanning and imaging<\/a><\/li>\n<li class=\"menu-item menu-item-type-post_type menu-item-object-page menu-item-10719\"><a href=\"https:\/\/pigs.no\/en\/fototapet-og-veggdekor\/\" class=\"elementor-item\">wall mural and wall decor<\/a><\/li>\n<li class=\"menu-item menu-item-type-post_type menu-item-object-page menu-item-5467\"><a href=\"https:\/\/pigs.no\/en\/montering-pa-plate-oslo\/\" class=\"elementor-item\">Mounting on plate<\/a><\/li>\n<li class=\"menu-item menu-item-type-post_type menu-item-object-page menu-item-11615\"><a href=\"https:\/\/pigs.no\/en\/innramming-oslo\/\" class=\"elementor-item\">Framing<\/a><\/li>\n<li class=\"menu-item menu-item-type-post_type menu-item-object-page menu-item-1772\"><a href=\"https:\/\/pigs.no\/en\/papirgalleri\/\" class=\"elementor-item\">Paper gallery<\/a><\/li>\n<li class=\"menu-item menu-item-type-post_type menu-item-object-page menu-item-378\"><a href=\"https:\/\/pigs.no\/en\/print-on-demand\/\" class=\"elementor-item\">Print on demand<\/a><\/li>\n<li class=\"menu-item menu-item-type-post_type menu-item-object-page menu-item-13594\"><a href=\"https:\/\/pigs.no\/en\/ekthetsbevis-certificate-of-authenticity\/\" class=\"elementor-item\">Certificate of authenticity<\/a><\/li>\n<li class=\"menu-item menu-item-type-post_type menu-item-object-page menu-item-114\"><a href=\"https:\/\/pigs.no\/en\/levering-og-henting\/\" class=\"elementor-item\">Shipping and collection<\/a><\/li>\n<li class=\"menu-item menu-item-type-post_type menu-item-object-page menu-item-7450\"><a href=\"https:\/\/pigs.no\/en\/send-oss-dine-printfiler\/\" class=\"elementor-item\">Send printfiles<\/a><\/li>\n<li class=\"menu-item menu-item-type-post_type menu-item-object-page menu-item-120\"><a href=\"https:\/\/pigs.no\/en\/priser-printing\/\" class=\"elementor-item\">Prices<\/a><\/li>\n<li class=\"menu-item menu-item-type-post_type menu-item-object-page menu-item-72\"><a href=\"https:\/\/pigs.no\/en\/contact-us\/\" class=\"elementor-item\">Contact<\/a><\/li>\n<li class=\"menu-item menu-item-type-post_type menu-item-object-page menu-item-6781\"><a href=\"https:\/\/pigs.no\/en\/min-konto\/\" class=\"elementor-item\">My account<\/a><\/li>\n<\/ul>\t\t\t<\/nav>\n\t\t\t\t\t\t<nav class=\"elementor-nav-menu--dropdown elementor-nav-menu__container\" aria-hidden=\"true\">\n\t\t\t\t<ul id=\"menu-2-7b4f89e6\" class=\"elementor-nav-menu sm-vertical\"><li class=\"menu-item menu-item-type-post_type menu-item-object-page menu-item-home menu-item-9720\"><a href=\"https:\/\/pigs.no\/en\/\" class=\"elementor-item\" tabindex=\"-1\">About PIGS<\/a><\/li>\n<li class=\"menu-item menu-item-type-post_type menu-item-object-page menu-item-74\"><a href=\"https:\/\/pigs.no\/en\/bestill-printing\/\" class=\"elementor-item\" tabindex=\"-1\">Photo and Fineart print<\/a><\/li>\n<li class=\"menu-item menu-item-type-post_type menu-item-object-page menu-item-111\"><a href=\"https:\/\/pigs.no\/en\/scanning-og-avfotografering\/\" class=\"elementor-item\" tabindex=\"-1\">Scanning and imaging<\/a><\/li>\n<li class=\"menu-item menu-item-type-post_type menu-item-object-page menu-item-10719\"><a href=\"https:\/\/pigs.no\/en\/fototapet-og-veggdekor\/\" class=\"elementor-item\" tabindex=\"-1\">wall mural and wall decor<\/a><\/li>\n<li class=\"menu-item menu-item-type-post_type menu-item-object-page menu-item-5467\"><a href=\"https:\/\/pigs.no\/en\/montering-pa-plate-oslo\/\" class=\"elementor-item\" tabindex=\"-1\">Mounting on plate<\/a><\/li>\n<li class=\"menu-item menu-item-type-post_type menu-item-object-page menu-item-11615\"><a href=\"https:\/\/pigs.no\/en\/innramming-oslo\/\" class=\"elementor-item\" tabindex=\"-1\">Framing<\/a><\/li>\n<li class=\"menu-item menu-item-type-post_type menu-item-object-page menu-item-1772\"><a href=\"https:\/\/pigs.no\/en\/papirgalleri\/\" class=\"elementor-item\" tabindex=\"-1\">Paper gallery<\/a><\/li>\n<li class=\"menu-item menu-item-type-post_type menu-item-object-page menu-item-378\"><a href=\"https:\/\/pigs.no\/en\/print-on-demand\/\" class=\"elementor-item\" tabindex=\"-1\">Print on demand<\/a><\/li>\n<li class=\"menu-item menu-item-type-post_type menu-item-object-page menu-item-13594\"><a href=\"https:\/\/pigs.no\/en\/ekthetsbevis-certificate-of-authenticity\/\" class=\"elementor-item\" tabindex=\"-1\">Certificate of authenticity<\/a><\/li>\n<li class=\"menu-item menu-item-type-post_type menu-item-object-page menu-item-114\"><a href=\"https:\/\/pigs.no\/en\/levering-og-henting\/\" class=\"elementor-item\" tabindex=\"-1\">Shipping and collection<\/a><\/li>\n<li class=\"menu-item menu-item-type-post_type menu-item-object-page menu-item-7450\"><a href=\"https:\/\/pigs.no\/en\/send-oss-dine-printfiler\/\" class=\"elementor-item\" tabindex=\"-1\">Send printfiles<\/a><\/li>\n<li class=\"menu-item menu-item-type-post_type menu-item-object-page menu-item-120\"><a href=\"https:\/\/pigs.no\/en\/priser-printing\/\" class=\"elementor-item\" tabindex=\"-1\">Prices<\/a><\/li>\n<li class=\"menu-item menu-item-type-post_type menu-item-object-page menu-item-72\"><a href=\"https:\/\/pigs.no\/en\/contact-us\/\" class=\"elementor-item\" tabindex=\"-1\">Contact<\/a><\/li>\n<li class=\"menu-item menu-item-type-post_type menu-item-object-page menu-item-6781\"><a href=\"https:\/\/pigs.no\/en\/min-konto\/\" class=\"elementor-item\" tabindex=\"-1\">My account<\/a><\/li>\n<\/ul>\t\t\t<\/nav>\n\t\t\t\t\t\t<\/div>\n\t\t\t\t<div class=\"elementor-element elementor-element-5d10bace elementor-hidden-mobile elementor-shape-rounded elementor-grid-0 e-grid-align-center elementor-widget elementor-widget-global elementor-global-4410 elementor-widget-social-icons\" data-id=\"5d10bace\" data-element_type=\"widget\" data-e-type=\"widget\" data-widget_type=\"social-icons.default\">\n\t\t\t\t\t\t\t<div class=\"elementor-social-icons-wrapper elementor-grid\" role=\"list\">\n\t\t\t\t\t\t\t<span class=\"elementor-grid-item\" role=\"listitem\">\n\t\t\t\t\t<a class=\"elementor-icon elementor-social-icon elementor-social-icon-facebook elementor-repeater-item-9afa4cd\" href=\"https:\/\/www.facebook.com\/PIGSimagingAS\" target=\"_blank\">\n\t\t\t\t\t\t<span class=\"elementor-screen-only\">Facebook<\/span>\n\t\t\t\t\t\t<svg aria-hidden=\"true\" class=\"e-font-icon-svg e-fab-facebook\" viewbox=\"0 0 512 512\" xmlns=\"http:\/\/www.w3.org\/2000\/svg\"><path d=\"M504 256C504 119 393 8 256 8S8 119 8 256c0 123.78 90.69 226.38 209.25 245V327.69h-63V256h63v-54.64c0-62.15 37-96.48 93.67-96.48 27.14 0 55.52 4.84 55.52 4.84v61h-31.28c-30.8 0-40.41 19.12-40.41 38.73V256h68.78l-11 71.69h-57.78V501C413.31 482.38 504 379.78 504 256z\"><\/path><\/svg>\t\t\t\t\t<\/a>\n\t\t\t\t<\/span>\n\t\t\t\t\t\t\t<span class=\"elementor-grid-item\" role=\"listitem\">\n\t\t\t\t\t<a class=\"elementor-icon elementor-social-icon elementor-social-icon-instagram elementor-repeater-item-ff176e8\" href=\"https:\/\/www.instagram.com\/pigs_oslo\/\" target=\"_blank\">\n\t\t\t\t\t\t<span class=\"elementor-screen-only\">Instagram<\/span>\n\t\t\t\t\t\t<svg aria-hidden=\"true\" class=\"e-font-icon-svg e-fab-instagram\" viewbox=\"0 0 448 512\" xmlns=\"http:\/\/www.w3.org\/2000\/svg\"><path d=\"M224.1 141c-63.6 0-114.9 51.3-114.9 114.9s51.3 114.9 114.9 114.9S339 319.5 339 255.9 287.7 141 224.1 141zm0 189.6c-41.1 0-74.7-33.5-74.7-74.7s33.5-74.7 74.7-74.7 74.7 33.5 74.7 74.7-33.6 74.7-74.7 74.7zm146.4-194.3c0 14.9-12 26.8-26.8 26.8-14.9 0-26.8-12-26.8-26.8s12-26.8 26.8-26.8 26.8 12 26.8 26.8zm76.1 27.2c-1.7-35.9-9.9-67.7-36.2-93.9-26.2-26.2-58-34.4-93.9-36.2-37-2.1-147.9-2.1-184.9 0-35.8 1.7-67.6 9.9-93.9 36.1s-34.4 58-36.2 93.9c-2.1 37-2.1 147.9 0 184.9 1.7 35.9 9.9 67.7 36.2 93.9s58 34.4 93.9 36.2c37 2.1 147.9 2.1 184.9 0 35.9-1.7 67.7-9.9 93.9-36.2 26.2-26.2 34.4-58 36.2-93.9 2.1-37 2.1-147.8 0-184.8zM398.8 388c-7.8 19.6-22.9 34.7-42.6 42.6-29.5 11.7-99.5 9-132.1 9s-102.7 2.6-132.1-9c-19.6-7.8-34.7-22.9-42.6-42.6-11.7-29.5-9-99.5-9-132.1s-2.6-102.7 9-132.1c7.8-19.6 22.9-34.7 42.6-42.6 29.5-11.7 99.5-9 132.1-9s102.7-2.6 132.1 9c19.6 7.8 34.7 22.9 42.6 42.6 11.7 29.5 9 99.5 9 132.1s2.7 102.7-9 132.1z\"><\/path><\/svg>\t\t\t\t\t<\/a>\n\t\t\t\t<\/span>\n\t\t\t\t\t<\/div>\n\t\t\t\t\t\t<\/div>\n\t\t\t\t<div class=\"elementor-element elementor-element-94b4ebe elementor-hidden-mobile elementor-widget elementor-widget-global elementor-global-4413 elementor-widget-image\" data-id=\"94b4ebe\" data-element_type=\"widget\" data-e-type=\"widget\" data-widget_type=\"image.default\">\n\t\t\t\t\t\t\t\t\t\t\t\t\t\t\t\t<a href=\"https:\/\/www.hahnemuehle.com\/en\/digital-fineart\/hahnemuehle-certified-studios\/certified-studios.html?tx_altostudios_pi1%5Baction%5D=list&#038;tx_altostudios_pi1%5Bcontroller%5D=Studio&#038;cHash=f87abf47a52bf597d81ace15e6958b3c\" target=\"_blank\">\n\t\t\t\t\t\t\t<img fetchpriority=\"high\" decoding=\"async\" width=\"800\" height=\"594\" src=\"https:\/\/pigs.no\/wp-content\/uploads\/2022\/04\/PIGS-Hahnemuehle-Certified-Studio.png\" class=\"attachment-large size-large wp-image-538\" alt=\"\" srcset=\"https:\/\/pigs.no\/wp-content\/uploads\/2022\/04\/PIGS-Hahnemuehle-Certified-Studio.png 1000w, https:\/\/pigs.no\/wp-content\/uploads\/2022\/04\/PIGS-Hahnemuehle-Certified-Studio-300x223.png 300w, https:\/\/pigs.no\/wp-content\/uploads\/2022\/04\/PIGS-Hahnemuehle-Certified-Studio-768x571.png 768w, https:\/\/pigs.no\/wp-content\/uploads\/2022\/04\/PIGS-Hahnemuehle-Certified-Studio-600x446.png 600w\" sizes=\"(max-width: 800px) 100vw, 800px\" \/>\t\t\t\t\t\t\t\t<\/a>\n\t\t\t\t\t\t\t\t\t\t\t\t\t\t\t<\/div>\n\t\t\t\t\t<\/div>\n\t\t<\/div>\n\t\t\t\t<div class=\"elementor-column elementor-col-50 elementor-top-column elementor-element elementor-element-e829f68\" data-id=\"e829f68\" data-element_type=\"column\" data-e-type=\"column\" data-settings=\"{&quot;background_background&quot;:&quot;classic&quot;}\">\n\t\t\t<div class=\"elementor-widget-wrap elementor-element-populated\">\n\t\t\t\t\t<div class=\"elementor-background-overlay\"><\/div>\n\t\t\t\t\t\t<div class=\"elementor-element elementor-element-d8bc5f0 elementor-widget elementor-widget-heading\" data-id=\"d8bc5f0\" data-element_type=\"widget\" data-e-type=\"widget\" data-widget_type=\"heading.default\">\n\t\t\t\t\t<h2 class=\"elementor-heading-title elementor-size-default\">My account<\/h2>\t\t\t\t<\/div>\n\t\t\t\t<div class=\"elementor-element elementor-element-b67af1a e-my-account-tabs-horizontal elementor-widget elementor-widget-woocommerce-my-account\" data-id=\"b67af1a\" data-element_type=\"widget\" data-e-type=\"widget\" data-settings=\"{&quot;customize_dashboard_check&quot;:&quot;yes&quot;}\" data-widget_type=\"woocommerce-my-account.default\">\n\t\t\t\t\t<div class=\"e-my-account-tab e-my-account-tab__\">\t\t\t<div class=\"woocommerce\"><\/div>\t\t<\/div>\n\t\t\t\t\t\t<\/div>\n\t\t\t\t<div class=\"elementor-element elementor-element-e3d8b03 elementor-widget elementor-widget-spacer\" data-id=\"e3d8b03\" data-element_type=\"widget\" data-e-type=\"widget\" data-widget_type=\"spacer.default\">\n\t\t\t\t\t\t\t<div class=\"elementor-spacer\">\n\t\t\t<div class=\"elementor-spacer-inner\"><\/div>\n\t\t<\/div>\n\t\t\t\t\t\t<\/div>\n\t\t\t\t\t<\/div>\n\t\t<\/div>\n\t\t\t\t\t<\/div>\n\t\t<\/section>\n\t\t\t\t<\/div>","protected":false},"excerpt":{"rendered":"<p>Facebook Instagram Min konto Dashbord Ordre Downloads Adresser Payment methods Kontodetaljer Logg ut Dashbord Ordre Downloads Adresser Payment methods Kontodetaljer Logg ut Dashbord Ordre Downloads Adresser Payment methods Kontodetaljer Logg ut Dashbord Ordre Downloads Adresser Payment methods Kontodetaljer Logg ut Hello pigs.no (not pigs.no? Log out) From your account dashboard you can view your recent [&hellip;]<\/p>\n","protected":false},"author":1,"featured_media":0,"parent":0,"menu_order":0,"comment_status":"closed","ping_status":"closed","template":"","meta":{"_acf_changed":false,"inline_featured_image":false,"footnotes":""},"class_list":["post-2107","page","type-page","status-publish","hentry"],"acf":[],"yoast_head":"<!-- This site is optimized with the Yoast SEO plugin v27.4 - https:\/\/yoast.com\/product\/yoast-seo-wordpress\/ -->\n<title>Min konto - PIGS<\/title>\n<meta name=\"description\" content=\"Logg inn p\u00e5 din PIGS konto for enkel redigering av navn, e-post og adresse. Du kan ogs\u00e5 g\u00e5 gjennom dine ordre for ny bestilling.\" \/>\n<meta name=\"robots\" content=\"noindex, follow\" \/>\n<meta property=\"og:locale\" content=\"en_GB\" \/>\n<meta property=\"og:type\" content=\"article\" \/>\n<meta property=\"og:title\" content=\"Min konto - PIGS\" \/>\n<meta property=\"og:description\" content=\"Logg inn p\u00e5 din PIGS konto for enkel redigering av navn, e-post og adresse. Du kan ogs\u00e5 g\u00e5 gjennom dine ordre for ny bestilling.\" \/>\n<meta property=\"og:url\" content=\"https:\/\/pigs.no\/en\/my-account\/\" \/>\n<meta property=\"og:site_name\" content=\"PIGS\" \/>\n<meta property=\"article:publisher\" content=\"https:\/\/www.facebook.com\/PIGSimagingAS\" \/>\n<meta property=\"article:modified_time\" content=\"2026-01-30T22:43:46+00:00\" \/>\n<meta property=\"og:image\" content=\"https:\/\/pigs.no\/wp-content\/uploads\/2022\/04\/PIGS-Hahnemuehle-Certified-Studio.png\" \/>\n<meta name=\"twitter:card\" content=\"summary_large_image\" \/>\n<meta name=\"twitter:label1\" content=\"Estimated reading time\" \/>\n\t<meta name=\"twitter:data1\" content=\"3 minutes\" \/>\n<script type=\"application\/ld+json\" class=\"yoast-schema-graph\">{\"@context\":\"https:\\\/\\\/schema.org\",\"@graph\":[{\"@type\":\"WebPage\",\"@id\":\"https:\\\/\\\/pigs.no\\\/min-konto\\\/\",\"url\":\"https:\\\/\\\/pigs.no\\\/min-konto\\\/\",\"name\":\"Min konto - PIGS\",\"isPartOf\":{\"@id\":\"https:\\\/\\\/pigs.no\\\/#website\"},\"primaryImageOfPage\":{\"@id\":\"https:\\\/\\\/pigs.no\\\/min-konto\\\/#primaryimage\"},\"image\":{\"@id\":\"https:\\\/\\\/pigs.no\\\/min-konto\\\/#primaryimage\"},\"thumbnailUrl\":\"https:\\\/\\\/pigs.no\\\/wp-content\\\/uploads\\\/2022\\\/04\\\/PIGS-Hahnemuehle-Certified-Studio.png\",\"datePublished\":\"2022-09-27T14:03:05+00:00\",\"dateModified\":\"2026-01-30T22:43:46+00:00\",\"description\":\"Logg inn p\u00e5 din PIGS konto for enkel redigering av navn, e-post og adresse. Du kan ogs\u00e5 g\u00e5 gjennom dine ordre for ny bestilling.\",\"breadcrumb\":{\"@id\":\"https:\\\/\\\/pigs.no\\\/min-konto\\\/#breadcrumb\"},\"inLanguage\":\"en-GB\",\"potentialAction\":[{\"@type\":\"ReadAction\",\"target\":[\"https:\\\/\\\/pigs.no\\\/min-konto\\\/\"]}]},{\"@type\":\"ImageObject\",\"inLanguage\":\"en-GB\",\"@id\":\"https:\\\/\\\/pigs.no\\\/min-konto\\\/#primaryimage\",\"url\":\"https:\\\/\\\/pigs.no\\\/wp-content\\\/uploads\\\/2022\\\/04\\\/PIGS-Hahnemuehle-Certified-Studio.png\",\"contentUrl\":\"https:\\\/\\\/pigs.no\\\/wp-content\\\/uploads\\\/2022\\\/04\\\/PIGS-Hahnemuehle-Certified-Studio.png\"},{\"@type\":\"BreadcrumbList\",\"@id\":\"https:\\\/\\\/pigs.no\\\/min-konto\\\/#breadcrumb\",\"itemListElement\":[{\"@type\":\"ListItem\",\"position\":1,\"name\":\"Home\",\"item\":\"https:\\\/\\\/pigs.no\\\/\"},{\"@type\":\"ListItem\",\"position\":2,\"name\":\"Min konto\"}]},{\"@type\":\"WebSite\",\"@id\":\"https:\\\/\\\/pigs.no\\\/#website\",\"url\":\"https:\\\/\\\/pigs.no\\\/\",\"name\":\"PIGS\",\"description\":\"Digitaltrykk\",\"publisher\":{\"@id\":\"https:\\\/\\\/pigs.no\\\/#organization\"},\"potentialAction\":[{\"@type\":\"SearchAction\",\"target\":{\"@type\":\"EntryPoint\",\"urlTemplate\":\"https:\\\/\\\/pigs.no\\\/?s={search_term_string}\"},\"query-input\":{\"@type\":\"PropertyValueSpecification\",\"valueRequired\":true,\"valueName\":\"search_term_string\"}}],\"inLanguage\":\"en-GB\"},{\"@type\":\"Organization\",\"@id\":\"https:\\\/\\\/pigs.no\\\/#organization\",\"name\":\"PIGS imaging AS\",\"url\":\"https:\\\/\\\/pigs.no\\\/\",\"logo\":{\"@type\":\"ImageObject\",\"inLanguage\":\"en-GB\",\"@id\":\"https:\\\/\\\/pigs.no\\\/#\\\/schema\\\/logo\\\/image\\\/\",\"url\":\"https:\\\/\\\/pigs.no\\\/wp-content\\\/uploads\\\/2022\\\/04\\\/PIGS-logo2_2019.png\",\"contentUrl\":\"https:\\\/\\\/pigs.no\\\/wp-content\\\/uploads\\\/2022\\\/04\\\/PIGS-logo2_2019.png\",\"width\":2560,\"height\":901,\"caption\":\"PIGS imaging AS\"},\"image\":{\"@id\":\"https:\\\/\\\/pigs.no\\\/#\\\/schema\\\/logo\\\/image\\\/\"},\"sameAs\":[\"https:\\\/\\\/www.facebook.com\\\/PIGSimagingAS\",\"https:\\\/\\\/www.instagram.com\\\/pigs_oslo\\\/\"]}]}<\/script>\n<!-- \/ Yoast SEO plugin. -->","yoast_head_json":{"title":"My account - PIGS","description":"Log in to your PIGS account for easy editing of name, email and address. You can also review your orders for reordering.","robots":{"index":"noindex","follow":"follow"},"og_locale":"en_GB","og_type":"article","og_title":"Min konto - PIGS","og_description":"Logg inn p\u00e5 din PIGS konto for enkel redigering av navn, e-post og adresse. Du kan ogs\u00e5 g\u00e5 gjennom dine ordre for ny bestilling.","og_url":"https:\/\/pigs.no\/en\/my-account\/","og_site_name":"PIGS","article_publisher":"https:\/\/www.facebook.com\/PIGSimagingAS","article_modified_time":"2026-01-30T22:43:46+00:00","og_image":[{"url":"https:\/\/pigs.no\/wp-content\/uploads\/2022\/04\/PIGS-Hahnemuehle-Certified-Studio.png","type":"","width":"","height":""}],"twitter_card":"summary_large_image","twitter_misc":{"Estimated reading time":"3 minutes"},"schema":{"@context":"https:\/\/schema.org","@graph":[{"@type":"WebPage","@id":"https:\/\/pigs.no\/min-konto\/","url":"https:\/\/pigs.no\/min-konto\/","name":"My account - PIGS","isPartOf":{"@id":"https:\/\/pigs.no\/#website"},"primaryImageOfPage":{"@id":"https:\/\/pigs.no\/min-konto\/#primaryimage"},"image":{"@id":"https:\/\/pigs.no\/min-konto\/#primaryimage"},"thumbnailUrl":"https:\/\/pigs.no\/wp-content\/uploads\/2022\/04\/PIGS-Hahnemuehle-Certified-Studio.png","datePublished":"2022-09-27T14:03:05+00:00","dateModified":"2026-01-30T22:43:46+00:00","description":"Log in to your PIGS account for easy editing of name, email and address. You can also review your orders for reordering.","breadcrumb":{"@id":"https:\/\/pigs.no\/min-konto\/#breadcrumb"},"inLanguage":"en-GB","potentialAction":[{"@type":"ReadAction","target":["https:\/\/pigs.no\/min-konto\/"]}]},{"@type":"ImageObject","inLanguage":"en-GB","@id":"https:\/\/pigs.no\/min-konto\/#primaryimage","url":"https:\/\/pigs.no\/wp-content\/uploads\/2022\/04\/PIGS-Hahnemuehle-Certified-Studio.png","contentUrl":"https:\/\/pigs.no\/wp-content\/uploads\/2022\/04\/PIGS-Hahnemuehle-Certified-Studio.png"},{"@type":"BreadcrumbList","@id":"https:\/\/pigs.no\/min-konto\/#breadcrumb","itemListElement":[{"@type":"ListItem","position":1,"name":"Home","item":"https:\/\/pigs.no\/"},{"@type":"ListItem","position":2,"name":"Min konto"}]},{"@type":"WebSite","@id":"https:\/\/pigs.no\/#website","url":"https:\/\/pigs.no\/","name":"PIGS","description":"Digital printing","publisher":{"@id":"https:\/\/pigs.no\/#organization"},"potentialAction":[{"@type":"SearchAction","target":{"@type":"EntryPoint","urlTemplate":"https:\/\/pigs.no\/?s={search_term_string}"},"query-input":{"@type":"PropertyValueSpecification","valueRequired":true,"valueName":"search_term_string"}}],"inLanguage":"en-GB"},{"@type":"Organization","@id":"https:\/\/pigs.no\/#organization","name":"PIGS imaging AS","url":"https:\/\/pigs.no\/","logo":{"@type":"ImageObject","inLanguage":"en-GB","@id":"https:\/\/pigs.no\/#\/schema\/logo\/image\/","url":"https:\/\/pigs.no\/wp-content\/uploads\/2022\/04\/PIGS-logo2_2019.png","contentUrl":"https:\/\/pigs.no\/wp-content\/uploads\/2022\/04\/PIGS-logo2_2019.png","width":2560,"height":901,"caption":"PIGS imaging AS"},"image":{"@id":"https:\/\/pigs.no\/#\/schema\/logo\/image\/"},"sameAs":["https:\/\/www.facebook.com\/PIGSimagingAS","https:\/\/www.instagram.com\/pigs_oslo\/"]}]}},"_links":{"self":[{"href":"https:\/\/pigs.no\/en\/wp-json\/wp\/v2\/pages\/2107","targetHints":{"allow":["GET"]}}],"collection":[{"href":"https:\/\/pigs.no\/en\/wp-json\/wp\/v2\/pages"}],"about":[{"href":"https:\/\/pigs.no\/en\/wp-json\/wp\/v2\/types\/page"}],"author":[{"embeddable":true,"href":"https:\/\/pigs.no\/en\/wp-json\/wp\/v2\/users\/1"}],"replies":[{"embeddable":true,"href":"https:\/\/pigs.no\/en\/wp-json\/wp\/v2\/comments?post=2107"}],"version-history":[{"count":103,"href":"https:\/\/pigs.no\/en\/wp-json\/wp\/v2\/pages\/2107\/revisions"}],"predecessor-version":[{"id":14136,"href":"https:\/\/pigs.no\/en\/wp-json\/wp\/v2\/pages\/2107\/revisions\/14136"}],"wp:attachment":[{"href":"https:\/\/pigs.no\/en\/wp-json\/wp\/v2\/media?parent=2107"}],"curies":[{"name":"wp","href":"https:\/\/api.w.org\/{rel}","templated":true}]}}